{"id":1134,"date":"2023-02-21T19:58:29","date_gmt":"2023-02-21T22:58:29","guid":{"rendered":"https:\/\/ametal.com.br\/site2\/?page_id=1134"},"modified":"2023-03-30T14:20:56","modified_gmt":"2023-03-30T17:20:56","slug":"galpao","status":"publish","type":"page","link":"https:\/\/ametal.com.br\/index.php\/galpao\/","title":{"rendered":"Galp\u00e3o"},"content":{"rendered":"\t\t<div data-elementor-type=\"wp-page\" data-elementor-id=\"1134\" class=\"elementor elementor-1134\">\n\t\t\t\t\t\t\t\t\t<section class=\"elementor-section elementor-top-section elementor-element elementor-element-22612b9a elementor-section-content-middle elementor-section-full_width elementor-section-height-default elementor-section-height-default\" data-id=\"22612b9a\" data-element_type=\"section\" data-settings=\"{&quot;_ha_eqh_enable&quot;:false}\">\n\t\t\t\t\t\t<div class=\"elementor-container elementor-column-gap-no\">\n\t\t\t\t\t<div class=\"elementor-column elementor-col-100 elementor-top-column elementor-element elementor-element-1141e4f7\" data-id=\"1141e4f7\" data-element_type=\"column\">\n\t\t\t<div class=\"elementor-widget-wrap elementor-element-populated\">\n\t\t\t\t\t\t\t\t<div class=\"elementor-element elementor-element-2b990e5b elementor-widget elementor-widget-heading\" data-id=\"2b990e5b\" data-element_type=\"widget\" data-widget_type=\"heading.default\">\n\t\t\t\t<div class=\"elementor-widget-container\">\n\t\t\t<style>\/*! elementor - v3.18.0 - 20-12-2023 *\/\n.elementor-heading-title{padding:0;margin:0;line-height:1}.elementor-widget-heading .elementor-heading-title[class*=elementor-size-]>a{color:inherit;font-size:inherit;line-height:inherit}.elementor-widget-heading .elementor-heading-title.elementor-size-small{font-size:15px}.elementor-widget-heading .elementor-heading-title.elementor-size-medium{font-size:19px}.elementor-widget-heading .elementor-heading-title.elementor-size-large{font-size:29px}.elementor-widget-heading .elementor-heading-title.elementor-size-xl{font-size:39px}.elementor-widget-heading .elementor-heading-title.elementor-size-xxl{font-size:59px}<\/style><h4 class=\"elementor-heading-title elementor-size-default\">Galp\u00e3o<\/h4>\t\t<\/div>\n\t\t\t\t<\/div>\n\t\t\t\t<div class=\"elementor-element elementor-element-de150a7 ha-image-grid--fitRows elementor-widget__width-inherit elementor-widget elementor-widget-ha-image-grid happy-addon ha-image-grid\" data-id=\"de150a7\" data-element_type=\"widget\" data-settings=\"{&quot;layout&quot;:&quot;fitRows&quot;,&quot;enable_popup&quot;:&quot;yes&quot;}\" data-widget_type=\"ha-image-grid.default\">\n\t\t\t\t<div class=\"elementor-widget-container\">\n\t\t\t\t\t\t<div class=\"ha-filter hajs-filter\" data-default-filter=\".__fltr-1\" role=\"navigation\" aria-label=\"Gallery filter\">\n\t\t\t\t\t\t\t\t\t\t\t\t\t<button class=\"ha-filter__item\" type=\"button\" data-filter=\".__fltr-1\">\u00c1gua Zele \u2013 Eus\u00e9bio-CE<\/button><\/li>\n\t\t\t\t\t\t\t\t\t<button class=\"ha-filter__item\" type=\"button\" data-filter=\".__fltr-2\">New Body Fitness \u2013 Fortaleza-CE<\/button><\/li>\n\t\t\t\t\t\t\t\t\t<button class=\"ha-filter__item\" type=\"button\" data-filter=\".__fltr-3\">Promassa \u2013 Eus\u00e9bio-CE<\/button><\/li>\n\t\t\t\t\t\t\t<\/div>\n\t\t\n\t\t<div class=\"ha-image-grid__wrap hajs-isotope ha-lightbox--has\">\n\t\t\t\t\t\t\t\n\t\t\t\t<a href=\"#\" data-mfp-src=\"https:\/\/ametal.com.br\/wp-content\/uploads\/2023\/02\/1-1-900x676-1.jpg\" class=\"ha-image-grid__item ha-js-lightbox __fltr-1\">\n\t\t\t\t\t<img fetchpriority=\"high\" decoding=\"async\" width=\"900\" height=\"676\" src=\"https:\/\/ametal.com.br\/wp-content\/uploads\/2023\/02\/1-1-900x676-1.jpg\" class=\"elementor-animation-grow\" alt=\"\" srcset=\"https:\/\/ametal.com.br\/wp-content\/uploads\/2023\/02\/1-1-900x676-1.jpg 900w, https:\/\/ametal.com.br\/wp-content\/uploads\/2023\/02\/1-1-900x676-1-300x225.jpg 300w, https:\/\/ametal.com.br\/wp-content\/uploads\/2023\/02\/1-1-900x676-1-768x577.jpg 768w\" sizes=\"(max-width: 900px) 100vw, 900px\" \/>\t\t\t\t<\/a>\n\t\t\t\t\t\t\t\n\t\t\t\t<a href=\"#\" data-mfp-src=\"https:\/\/ametal.com.br\/wp-content\/uploads\/2023\/02\/2-1-900x676-1.jpg\" class=\"ha-image-grid__item ha-js-lightbox __fltr-1\">\n\t\t\t\t\t<img decoding=\"async\" width=\"900\" height=\"676\" src=\"https:\/\/ametal.com.br\/wp-content\/uploads\/2023\/02\/2-1-900x676-1.jpg\" class=\"elementor-animation-grow\" alt=\"\" srcset=\"https:\/\/ametal.com.br\/wp-content\/uploads\/2023\/02\/2-1-900x676-1.jpg 900w, https:\/\/ametal.com.br\/wp-content\/uploads\/2023\/02\/2-1-900x676-1-300x225.jpg 300w, https:\/\/ametal.com.br\/wp-content\/uploads\/2023\/02\/2-1-900x676-1-768x577.jpg 768w\" sizes=\"(max-width: 900px) 100vw, 900px\" \/>\t\t\t\t<\/a>\n\t\t\t\t\t\t\t\n\t\t\t\t<a href=\"#\" data-mfp-src=\"https:\/\/ametal.com.br\/wp-content\/uploads\/2023\/02\/3-1-900x676-1.jpg\" class=\"ha-image-grid__item ha-js-lightbox __fltr-1\">\n\t\t\t\t\t<img decoding=\"async\" width=\"900\" height=\"676\" src=\"https:\/\/ametal.com.br\/wp-content\/uploads\/2023\/02\/3-1-900x676-1.jpg\" class=\"elementor-animation-grow\" alt=\"\" srcset=\"https:\/\/ametal.com.br\/wp-content\/uploads\/2023\/02\/3-1-900x676-1.jpg 900w, https:\/\/ametal.com.br\/wp-content\/uploads\/2023\/02\/3-1-900x676-1-300x225.jpg 300w, https:\/\/ametal.com.br\/wp-content\/uploads\/2023\/02\/3-1-900x676-1-768x577.jpg 768w\" sizes=\"(max-width: 900px) 100vw, 900px\" \/>\t\t\t\t<\/a>\n\t\t\t\t\t\t\t\n\t\t\t\t<a href=\"#\" data-mfp-src=\"https:\/\/ametal.com.br\/wp-content\/uploads\/2023\/02\/4-1-900x676-1.jpg\" class=\"ha-image-grid__item ha-js-lightbox __fltr-1\">\n\t\t\t\t\t<img loading=\"lazy\" decoding=\"async\" width=\"900\" height=\"676\" src=\"https:\/\/ametal.com.br\/wp-content\/uploads\/2023\/02\/4-1-900x676-1.jpg\" class=\"elementor-animation-grow\" alt=\"\" srcset=\"https:\/\/ametal.com.br\/wp-content\/uploads\/2023\/02\/4-1-900x676-1.jpg 900w, https:\/\/ametal.com.br\/wp-content\/uploads\/2023\/02\/4-1-900x676-1-300x225.jpg 300w, https:\/\/ametal.com.br\/wp-content\/uploads\/2023\/02\/4-1-900x676-1-768x577.jpg 768w\" sizes=\"(max-width: 900px) 100vw, 900px\" \/>\t\t\t\t<\/a>\n\t\t\t\t\t\t\t\n\t\t\t\t<a href=\"#\" data-mfp-src=\"https:\/\/ametal.com.br\/wp-content\/uploads\/2023\/02\/5-1-900x676-1.jpg\" class=\"ha-image-grid__item ha-js-lightbox __fltr-1\">\n\t\t\t\t\t<img loading=\"lazy\" decoding=\"async\" width=\"900\" height=\"676\" src=\"https:\/\/ametal.com.br\/wp-content\/uploads\/2023\/02\/5-1-900x676-1.jpg\" class=\"elementor-animation-grow\" alt=\"\" srcset=\"https:\/\/ametal.com.br\/wp-content\/uploads\/2023\/02\/5-1-900x676-1.jpg 900w, https:\/\/ametal.com.br\/wp-content\/uploads\/2023\/02\/5-1-900x676-1-300x225.jpg 300w, https:\/\/ametal.com.br\/wp-content\/uploads\/2023\/02\/5-1-900x676-1-768x577.jpg 768w\" sizes=\"(max-width: 900px) 100vw, 900px\" \/>\t\t\t\t<\/a>\n\t\t\t\t\t\t\t\n\t\t\t\t<a href=\"#\" data-mfp-src=\"https:\/\/ametal.com.br\/wp-content\/uploads\/2023\/02\/6-900x676-1.jpg\" class=\"ha-image-grid__item ha-js-lightbox __fltr-1\">\n\t\t\t\t\t<img loading=\"lazy\" decoding=\"async\" width=\"900\" height=\"676\" src=\"https:\/\/ametal.com.br\/wp-content\/uploads\/2023\/02\/6-900x676-1.jpg\" class=\"elementor-animation-grow\" alt=\"\" srcset=\"https:\/\/ametal.com.br\/wp-content\/uploads\/2023\/02\/6-900x676-1.jpg 900w, https:\/\/ametal.com.br\/wp-content\/uploads\/2023\/02\/6-900x676-1-300x225.jpg 300w, https:\/\/ametal.com.br\/wp-content\/uploads\/2023\/02\/6-900x676-1-768x577.jpg 768w\" sizes=\"(max-width: 900px) 100vw, 900px\" \/>\t\t\t\t<\/a>\n\t\t\t\t\t\t\t\n\t\t\t\t<a href=\"#\" data-mfp-src=\"https:\/\/ametal.com.br\/wp-content\/uploads\/2023\/02\/7-900x676-1.jpg\" class=\"ha-image-grid__item ha-js-lightbox __fltr-1\">\n\t\t\t\t\t<img loading=\"lazy\" decoding=\"async\" width=\"900\" height=\"676\" src=\"https:\/\/ametal.com.br\/wp-content\/uploads\/2023\/02\/7-900x676-1.jpg\" class=\"elementor-animation-grow\" alt=\"\" srcset=\"https:\/\/ametal.com.br\/wp-content\/uploads\/2023\/02\/7-900x676-1.jpg 900w, https:\/\/ametal.com.br\/wp-content\/uploads\/2023\/02\/7-900x676-1-300x225.jpg 300w, https:\/\/ametal.com.br\/wp-content\/uploads\/2023\/02\/7-900x676-1-768x577.jpg 768w\" sizes=\"(max-width: 900px) 100vw, 900px\" \/>\t\t\t\t<\/a>\n\t\t\t\t\t\t\t\n\t\t\t\t<a href=\"#\" data-mfp-src=\"https:\/\/ametal.com.br\/wp-content\/uploads\/2023\/02\/8-900x676-1.jpg\" class=\"ha-image-grid__item ha-js-lightbox __fltr-1\">\n\t\t\t\t\t<img loading=\"lazy\" decoding=\"async\" width=\"900\" height=\"676\" src=\"https:\/\/ametal.com.br\/wp-content\/uploads\/2023\/02\/8-900x676-1.jpg\" class=\"elementor-animation-grow\" alt=\"\" srcset=\"https:\/\/ametal.com.br\/wp-content\/uploads\/2023\/02\/8-900x676-1.jpg 900w, https:\/\/ametal.com.br\/wp-content\/uploads\/2023\/02\/8-900x676-1-300x225.jpg 300w, https:\/\/ametal.com.br\/wp-content\/uploads\/2023\/02\/8-900x676-1-768x577.jpg 768w\" sizes=\"(max-width: 900px) 100vw, 900px\" \/>\t\t\t\t<\/a>\n\t\t\t\t\t\t\t\n\t\t\t\t<a href=\"#\" data-mfp-src=\"https:\/\/ametal.com.br\/wp-content\/uploads\/2023\/02\/9-900x676-1.jpg\" class=\"ha-image-grid__item ha-js-lightbox __fltr-1\">\n\t\t\t\t\t<img loading=\"lazy\" decoding=\"async\" width=\"900\" height=\"676\" src=\"https:\/\/ametal.com.br\/wp-content\/uploads\/2023\/02\/9-900x676-1.jpg\" class=\"elementor-animation-grow\" alt=\"\" srcset=\"https:\/\/ametal.com.br\/wp-content\/uploads\/2023\/02\/9-900x676-1.jpg 900w, https:\/\/ametal.com.br\/wp-content\/uploads\/2023\/02\/9-900x676-1-300x225.jpg 300w, https:\/\/ametal.com.br\/wp-content\/uploads\/2023\/02\/9-900x676-1-768x577.jpg 768w\" sizes=\"(max-width: 900px) 100vw, 900px\" \/>\t\t\t\t<\/a>\n\t\t\t\t\t\t\t\n\t\t\t\t<a href=\"#\" data-mfp-src=\"https:\/\/ametal.com.br\/wp-content\/uploads\/2023\/02\/6-1-900x676-1.jpg\" class=\"ha-image-grid__item ha-js-lightbox __fltr-2\">\n\t\t\t\t\t<img loading=\"lazy\" decoding=\"async\" width=\"900\" height=\"676\" src=\"https:\/\/ametal.com.br\/wp-content\/uploads\/2023\/02\/6-1-900x676-1.jpg\" class=\"elementor-animation-grow\" alt=\"\" srcset=\"https:\/\/ametal.com.br\/wp-content\/uploads\/2023\/02\/6-1-900x676-1.jpg 900w, https:\/\/ametal.com.br\/wp-content\/uploads\/2023\/02\/6-1-900x676-1-300x225.jpg 300w, https:\/\/ametal.com.br\/wp-content\/uploads\/2023\/02\/6-1-900x676-1-768x577.jpg 768w\" sizes=\"(max-width: 900px) 100vw, 900px\" \/>\t\t\t\t<\/a>\n\t\t\t\t\t\t\t\n\t\t\t\t<a href=\"#\" data-mfp-src=\"https:\/\/ametal.com.br\/wp-content\/uploads\/2023\/02\/5-2-900x676-1.jpg\" class=\"ha-image-grid__item ha-js-lightbox __fltr-2\">\n\t\t\t\t\t<img loading=\"lazy\" decoding=\"async\" width=\"900\" height=\"676\" src=\"https:\/\/ametal.com.br\/wp-content\/uploads\/2023\/02\/5-2-900x676-1.jpg\" class=\"elementor-animation-grow\" alt=\"\" srcset=\"https:\/\/ametal.com.br\/wp-content\/uploads\/2023\/02\/5-2-900x676-1.jpg 900w, https:\/\/ametal.com.br\/wp-content\/uploads\/2023\/02\/5-2-900x676-1-300x225.jpg 300w, https:\/\/ametal.com.br\/wp-content\/uploads\/2023\/02\/5-2-900x676-1-768x577.jpg 768w\" sizes=\"(max-width: 900px) 100vw, 900px\" \/>\t\t\t\t<\/a>\n\t\t\t\t\t\t\t\n\t\t\t\t<a href=\"#\" data-mfp-src=\"https:\/\/ametal.com.br\/wp-content\/uploads\/2023\/02\/4-2-900x676-1.jpg\" class=\"ha-image-grid__item ha-js-lightbox __fltr-2\">\n\t\t\t\t\t<img loading=\"lazy\" decoding=\"async\" width=\"900\" height=\"676\" src=\"https:\/\/ametal.com.br\/wp-content\/uploads\/2023\/02\/4-2-900x676-1.jpg\" class=\"elementor-animation-grow\" alt=\"\" srcset=\"https:\/\/ametal.com.br\/wp-content\/uploads\/2023\/02\/4-2-900x676-1.jpg 900w, https:\/\/ametal.com.br\/wp-content\/uploads\/2023\/02\/4-2-900x676-1-300x225.jpg 300w, https:\/\/ametal.com.br\/wp-content\/uploads\/2023\/02\/4-2-900x676-1-768x577.jpg 768w\" sizes=\"(max-width: 900px) 100vw, 900px\" \/>\t\t\t\t<\/a>\n\t\t\t\t\t\t\t\n\t\t\t\t<a href=\"#\" data-mfp-src=\"https:\/\/ametal.com.br\/wp-content\/uploads\/2023\/02\/3-2-900x676-1.jpg\" class=\"ha-image-grid__item ha-js-lightbox __fltr-2\">\n\t\t\t\t\t<img loading=\"lazy\" decoding=\"async\" width=\"900\" height=\"676\" src=\"https:\/\/ametal.com.br\/wp-content\/uploads\/2023\/02\/3-2-900x676-1.jpg\" class=\"elementor-animation-grow\" alt=\"\" srcset=\"https:\/\/ametal.com.br\/wp-content\/uploads\/2023\/02\/3-2-900x676-1.jpg 900w, https:\/\/ametal.com.br\/wp-content\/uploads\/2023\/02\/3-2-900x676-1-300x225.jpg 300w, https:\/\/ametal.com.br\/wp-content\/uploads\/2023\/02\/3-2-900x676-1-768x577.jpg 768w\" sizes=\"(max-width: 900px) 100vw, 900px\" \/>\t\t\t\t<\/a>\n\t\t\t\t\t\t\t\n\t\t\t\t<a href=\"#\" data-mfp-src=\"https:\/\/ametal.com.br\/wp-content\/uploads\/2023\/02\/2-2-900x676-1.jpg\" class=\"ha-image-grid__item ha-js-lightbox __fltr-2\">\n\t\t\t\t\t<img loading=\"lazy\" decoding=\"async\" width=\"900\" height=\"676\" src=\"https:\/\/ametal.com.br\/wp-content\/uploads\/2023\/02\/2-2-900x676-1.jpg\" class=\"elementor-animation-grow\" alt=\"\" srcset=\"https:\/\/ametal.com.br\/wp-content\/uploads\/2023\/02\/2-2-900x676-1.jpg 900w, https:\/\/ametal.com.br\/wp-content\/uploads\/2023\/02\/2-2-900x676-1-300x225.jpg 300w, https:\/\/ametal.com.br\/wp-content\/uploads\/2023\/02\/2-2-900x676-1-768x577.jpg 768w\" sizes=\"(max-width: 900px) 100vw, 900px\" \/>\t\t\t\t<\/a>\n\t\t\t\t\t\t\t\n\t\t\t\t<a href=\"#\" data-mfp-src=\"https:\/\/ametal.com.br\/wp-content\/uploads\/2023\/02\/1-2-900x676-1.jpg\" class=\"ha-image-grid__item ha-js-lightbox __fltr-2\">\n\t\t\t\t\t<img loading=\"lazy\" decoding=\"async\" width=\"900\" height=\"676\" src=\"https:\/\/ametal.com.br\/wp-content\/uploads\/2023\/02\/1-2-900x676-1.jpg\" class=\"elementor-animation-grow\" alt=\"\" srcset=\"https:\/\/ametal.com.br\/wp-content\/uploads\/2023\/02\/1-2-900x676-1.jpg 900w, https:\/\/ametal.com.br\/wp-content\/uploads\/2023\/02\/1-2-900x676-1-300x225.jpg 300w, https:\/\/ametal.com.br\/wp-content\/uploads\/2023\/02\/1-2-900x676-1-768x577.jpg 768w\" sizes=\"(max-width: 900px) 100vw, 900px\" \/>\t\t\t\t<\/a>\n\t\t\t\t\t\t\t\n\t\t\t\t<a href=\"#\" data-mfp-src=\"https:\/\/ametal.com.br\/wp-content\/uploads\/2023\/02\/4-3-900x676-1.jpg\" class=\"ha-image-grid__item ha-js-lightbox __fltr-3\">\n\t\t\t\t\t<img loading=\"lazy\" decoding=\"async\" width=\"900\" height=\"676\" src=\"https:\/\/ametal.com.br\/wp-content\/uploads\/2023\/02\/4-3-900x676-1.jpg\" class=\"elementor-animation-grow\" alt=\"\" srcset=\"https:\/\/ametal.com.br\/wp-content\/uploads\/2023\/02\/4-3-900x676-1.jpg 900w, https:\/\/ametal.com.br\/wp-content\/uploads\/2023\/02\/4-3-900x676-1-300x225.jpg 300w, https:\/\/ametal.com.br\/wp-content\/uploads\/2023\/02\/4-3-900x676-1-768x577.jpg 768w\" sizes=\"(max-width: 900px) 100vw, 900px\" \/>\t\t\t\t<\/a>\n\t\t\t\t\t\t\t\n\t\t\t\t<a href=\"#\" data-mfp-src=\"https:\/\/ametal.com.br\/wp-content\/uploads\/2023\/02\/2-3-900x676-1.jpg\" class=\"ha-image-grid__item ha-js-lightbox __fltr-3\">\n\t\t\t\t\t<img loading=\"lazy\" decoding=\"async\" width=\"900\" height=\"676\" src=\"https:\/\/ametal.com.br\/wp-content\/uploads\/2023\/02\/2-3-900x676-1.jpg\" class=\"elementor-animation-grow\" alt=\"\" srcset=\"https:\/\/ametal.com.br\/wp-content\/uploads\/2023\/02\/2-3-900x676-1.jpg 900w, https:\/\/ametal.com.br\/wp-content\/uploads\/2023\/02\/2-3-900x676-1-300x225.jpg 300w, https:\/\/ametal.com.br\/wp-content\/uploads\/2023\/02\/2-3-900x676-1-768x577.jpg 768w\" sizes=\"(max-width: 900px) 100vw, 900px\" \/>\t\t\t\t<\/a>\n\t\t\t\t\t\t\t\n\t\t\t\t<a href=\"#\" data-mfp-src=\"https:\/\/ametal.com.br\/wp-content\/uploads\/2023\/02\/3-3-900x676-1.jpg\" class=\"ha-image-grid__item ha-js-lightbox __fltr-3\">\n\t\t\t\t\t<img loading=\"lazy\" decoding=\"async\" width=\"900\" height=\"676\" src=\"https:\/\/ametal.com.br\/wp-content\/uploads\/2023\/02\/3-3-900x676-1.jpg\" class=\"elementor-animation-grow\" alt=\"\" srcset=\"https:\/\/ametal.com.br\/wp-content\/uploads\/2023\/02\/3-3-900x676-1.jpg 900w, https:\/\/ametal.com.br\/wp-content\/uploads\/2023\/02\/3-3-900x676-1-300x225.jpg 300w, https:\/\/ametal.com.br\/wp-content\/uploads\/2023\/02\/3-3-900x676-1-768x577.jpg 768w\" sizes=\"(max-width: 900px) 100vw, 900px\" \/>\t\t\t\t<\/a>\n\t\t\t\t\t\t\t\n\t\t\t\t<a href=\"#\" data-mfp-src=\"https:\/\/ametal.com.br\/wp-content\/uploads\/2023\/02\/1-3-900x676-1.jpg\" class=\"ha-image-grid__item ha-js-lightbox __fltr-3\">\n\t\t\t\t\t<img loading=\"lazy\" decoding=\"async\" width=\"900\" height=\"676\" src=\"https:\/\/ametal.com.br\/wp-content\/uploads\/2023\/02\/1-3-900x676-1.jpg\" class=\"elementor-animation-grow\" alt=\"\" srcset=\"https:\/\/ametal.com.br\/wp-content\/uploads\/2023\/02\/1-3-900x676-1.jpg 900w, https:\/\/ametal.com.br\/wp-content\/uploads\/2023\/02\/1-3-900x676-1-300x225.jpg 300w, https:\/\/ametal.com.br\/wp-content\/uploads\/2023\/02\/1-3-900x676-1-768x577.jpg 768w\" sizes=\"(max-width: 900px) 100vw, 900px\" \/>\t\t\t\t<\/a>\n\t\t\t\t\t<\/div>\n\n\t\t\t\t<\/div>\n\t\t\t\t<\/div>\n\t\t\t\t<div class=\"elementor-element elementor-element-e80ffb6 elementor-widget__width-inherit elementor-invisible elementor-widget elementor-widget-text-editor\" data-id=\"e80ffb6\" data-element_type=\"widget\" data-settings=\"{&quot;_animation&quot;:&quot;fadeInDown&quot;}\" data-widget_type=\"text-editor.default\">\n\t\t\t\t<div class=\"elementor-widget-container\">\n\t\t\t<style>\/*! elementor - v3.18.0 - 20-12-2023 *\/\n.elementor-widget-text-editor.elementor-drop-cap-view-stacked .elementor-drop-cap{background-color:#69727d;color:#fff}.elementor-widget-text-editor.elementor-drop-cap-view-framed .elementor-drop-cap{color:#69727d;border:3px solid;background-color:transparent}.elementor-widget-text-editor:not(.elementor-drop-cap-view-default) .elementor-drop-cap{margin-top:8px}.elementor-widget-text-editor:not(.elementor-drop-cap-view-default) .elementor-drop-cap-letter{width:1em;height:1em}.elementor-widget-text-editor .elementor-drop-cap{float:left;text-align:center;line-height:1;font-size:50px}.elementor-widget-text-editor .elementor-drop-cap-letter{display:inline-block}<\/style>\t\t\t\t<a href=\"..\/#nossas_obraas\">Voltar<\/a>\t\t\t\t\t\t<\/div>\n\t\t\t\t<\/div>\n\t\t\t\t\t<\/div>\n\t\t<\/div>\n\t\t\t\t\t\t\t<\/div>\n\t\t<\/section>\n\t\t\t\t\t\t\t<\/div>\n\t\t","protected":false},"excerpt":{"rendered":"<p>Galp\u00e3o \u00c1gua Zele \u2013 Eus\u00e9bio-CE New Body Fitness \u2013 Fortaleza-CE Promassa \u2013 Eus\u00e9bio-CE Voltar<\/p>\n","protected":false},"author":1,"featured_media":0,"parent":0,"menu_order":0,"comment_status":"closed","ping_status":"closed","template":"","meta":{"site-sidebar-layout":"no-sidebar","site-content-layout":"page-builder","ast-global-header-display":"","ast-main-header-display":"","ast-hfb-above-header-display":"","ast-hfb-below-header-display":"","ast-hfb-mobile-header-display":"","site-post-title":"disabled","ast-breadcrumbs-content":"","ast-featured-img":"disabled","footer-sml-layout":"","theme-transparent-header-meta":"","adv-header-id-meta":"","stick-header-meta":"","header-above-stick-meta":"","header-main-stick-meta":"","header-below-stick-meta":"","footnotes":""},"class_list":["post-1134","page","type-page","status-publish","hentry"],"yoast_head":"<!-- This site is optimized with the Yoast SEO plugin v24.9 - https:\/\/yoast.com\/wordpress\/plugins\/seo\/ -->\n<title>Galp\u00e3o - Ametal<\/title>\n<meta name=\"robots\" content=\"index, follow, max-snippet:-1, max-image-preview:large, max-video-preview:-1\" \/>\n<link rel=\"canonical\" href=\"https:\/\/ametal.com.br\/index.php\/galpao\/\" \/>\n<meta property=\"og:locale\" content=\"pt_BR\" \/>\n<meta property=\"og:type\" content=\"article\" \/>\n<meta property=\"og:title\" content=\"Galp\u00e3o - Ametal\" \/>\n<meta property=\"og:description\" content=\"Galp\u00e3o \u00c1gua Zele \u2013 Eus\u00e9bio-CE New Body Fitness \u2013 Fortaleza-CE Promassa \u2013 Eus\u00e9bio-CE Voltar\" \/>\n<meta property=\"og:url\" content=\"https:\/\/ametal.com.br\/index.php\/galpao\/\" \/>\n<meta property=\"og:site_name\" content=\"Ametal\" \/>\n<meta property=\"article:publisher\" content=\"https:\/\/www.facebook.com\/people\/Ametal-Metalrgica\/100063471844044\/\" \/>\n<meta property=\"article:modified_time\" content=\"2023-03-30T17:20:56+00:00\" \/>\n<meta property=\"og:image\" content=\"https:\/\/ametal.com.br\/wp-content\/uploads\/2023\/02\/1-1-900x676-1.jpg\" \/>\n<meta name=\"twitter:card\" content=\"summary_large_image\" \/>\n<meta name=\"twitter:label1\" content=\"Est. tempo de leitura\" \/>\n\t<meta name=\"twitter:data1\" content=\"4 minutos\" \/>\n<script type=\"application\/ld+json\" class=\"yoast-schema-graph\">{\"@context\":\"https:\/\/schema.org\",\"@graph\":[{\"@type\":\"WebPage\",\"@id\":\"https:\/\/ametal.com.br\/index.php\/galpao\/\",\"url\":\"https:\/\/ametal.com.br\/index.php\/galpao\/\",\"name\":\"Galp\u00e3o - Ametal\",\"isPartOf\":{\"@id\":\"https:\/\/ametal.com.br\/#website\"},\"primaryImageOfPage\":{\"@id\":\"https:\/\/ametal.com.br\/index.php\/galpao\/#primaryimage\"},\"image\":{\"@id\":\"https:\/\/ametal.com.br\/index.php\/galpao\/#primaryimage\"},\"thumbnailUrl\":\"https:\/\/ametal.com.br\/wp-content\/uploads\/2023\/02\/1-1-900x676-1.jpg\",\"datePublished\":\"2023-02-21T22:58:29+00:00\",\"dateModified\":\"2023-03-30T17:20:56+00:00\",\"breadcrumb\":{\"@id\":\"https:\/\/ametal.com.br\/index.php\/galpao\/#breadcrumb\"},\"inLanguage\":\"pt-BR\",\"potentialAction\":[{\"@type\":\"ReadAction\",\"target\":[\"https:\/\/ametal.com.br\/index.php\/galpao\/\"]}]},{\"@type\":\"ImageObject\",\"inLanguage\":\"pt-BR\",\"@id\":\"https:\/\/ametal.com.br\/index.php\/galpao\/#primaryimage\",\"url\":\"https:\/\/ametal.com.br\/wp-content\/uploads\/2023\/02\/1-1-900x676-1.jpg\",\"contentUrl\":\"https:\/\/ametal.com.br\/wp-content\/uploads\/2023\/02\/1-1-900x676-1.jpg\",\"width\":900,\"height\":676},{\"@type\":\"BreadcrumbList\",\"@id\":\"https:\/\/ametal.com.br\/index.php\/galpao\/#breadcrumb\",\"itemListElement\":[{\"@type\":\"ListItem\",\"position\":1,\"name\":\"In\u00edcio\",\"item\":\"https:\/\/ametal.com.br\/\"},{\"@type\":\"ListItem\",\"position\":2,\"name\":\"Galp\u00e3o\"}]},{\"@type\":\"WebSite\",\"@id\":\"https:\/\/ametal.com.br\/#website\",\"url\":\"https:\/\/ametal.com.br\/\",\"name\":\"Ametal\",\"description\":\"Metalurgia\",\"publisher\":{\"@id\":\"https:\/\/ametal.com.br\/#organization\"},\"potentialAction\":[{\"@type\":\"SearchAction\",\"target\":{\"@type\":\"EntryPoint\",\"urlTemplate\":\"https:\/\/ametal.com.br\/?s={search_term_string}\"},\"query-input\":{\"@type\":\"PropertyValueSpecification\",\"valueRequired\":true,\"valueName\":\"search_term_string\"}}],\"inLanguage\":\"pt-BR\"},{\"@type\":\"Organization\",\"@id\":\"https:\/\/ametal.com.br\/#organization\",\"name\":\"Ametal\",\"url\":\"https:\/\/ametal.com.br\/\",\"logo\":{\"@type\":\"ImageObject\",\"inLanguage\":\"pt-BR\",\"@id\":\"https:\/\/ametal.com.br\/#\/schema\/logo\/image\/\",\"url\":\"https:\/\/ametal.com.br\/wp-content\/uploads\/2023\/02\/cropped-Logo_2_.png\",\"contentUrl\":\"https:\/\/ametal.com.br\/wp-content\/uploads\/2023\/02\/cropped-Logo_2_.png\",\"width\":1080,\"height\":540,\"caption\":\"Ametal\"},\"image\":{\"@id\":\"https:\/\/ametal.com.br\/#\/schema\/logo\/image\/\"},\"sameAs\":[\"https:\/\/www.facebook.com\/people\/Ametal-Metalrgica\/100063471844044\/\",\"https:\/\/www.instagram.com\/ametal_metalurgica\/?hl=pt-br\",\"https:\/\/www.linkedin.com\/company\/ametalmetalurgicaoficial\/\"]}]}<\/script>\n<!-- \/ Yoast SEO plugin. -->","yoast_head_json":{"title":"Galp\u00e3o - Ametal","robots":{"index":"index","follow":"follow","max-snippet":"max-snippet:-1","max-image-preview":"max-image-preview:large","max-video-preview":"max-video-preview:-1"},"canonical":"https:\/\/ametal.com.br\/index.php\/galpao\/","og_locale":"pt_BR","og_type":"article","og_title":"Galp\u00e3o - Ametal","og_description":"Galp\u00e3o \u00c1gua Zele \u2013 Eus\u00e9bio-CE New Body Fitness \u2013 Fortaleza-CE Promassa \u2013 Eus\u00e9bio-CE Voltar","og_url":"https:\/\/ametal.com.br\/index.php\/galpao\/","og_site_name":"Ametal","article_publisher":"https:\/\/www.facebook.com\/people\/Ametal-Metalrgica\/100063471844044\/","article_modified_time":"2023-03-30T17:20:56+00:00","og_image":[{"url":"https:\/\/ametal.com.br\/wp-content\/uploads\/2023\/02\/1-1-900x676-1.jpg","type":"","width":"","height":""}],"twitter_card":"summary_large_image","twitter_misc":{"Est. tempo de leitura":"4 minutos"},"schema":{"@context":"https:\/\/schema.org","@graph":[{"@type":"WebPage","@id":"https:\/\/ametal.com.br\/index.php\/galpao\/","url":"https:\/\/ametal.com.br\/index.php\/galpao\/","name":"Galp\u00e3o - Ametal","isPartOf":{"@id":"https:\/\/ametal.com.br\/#website"},"primaryImageOfPage":{"@id":"https:\/\/ametal.com.br\/index.php\/galpao\/#primaryimage"},"image":{"@id":"https:\/\/ametal.com.br\/index.php\/galpao\/#primaryimage"},"thumbnailUrl":"https:\/\/ametal.com.br\/wp-content\/uploads\/2023\/02\/1-1-900x676-1.jpg","datePublished":"2023-02-21T22:58:29+00:00","dateModified":"2023-03-30T17:20:56+00:00","breadcrumb":{"@id":"https:\/\/ametal.com.br\/index.php\/galpao\/#breadcrumb"},"inLanguage":"pt-BR","potentialAction":[{"@type":"ReadAction","target":["https:\/\/ametal.com.br\/index.php\/galpao\/"]}]},{"@type":"ImageObject","inLanguage":"pt-BR","@id":"https:\/\/ametal.com.br\/index.php\/galpao\/#primaryimage","url":"https:\/\/ametal.com.br\/wp-content\/uploads\/2023\/02\/1-1-900x676-1.jpg","contentUrl":"https:\/\/ametal.com.br\/wp-content\/uploads\/2023\/02\/1-1-900x676-1.jpg","width":900,"height":676},{"@type":"BreadcrumbList","@id":"https:\/\/ametal.com.br\/index.php\/galpao\/#breadcrumb","itemListElement":[{"@type":"ListItem","position":1,"name":"In\u00edcio","item":"https:\/\/ametal.com.br\/"},{"@type":"ListItem","position":2,"name":"Galp\u00e3o"}]},{"@type":"WebSite","@id":"https:\/\/ametal.com.br\/#website","url":"https:\/\/ametal.com.br\/","name":"Ametal","description":"Metalurgia","publisher":{"@id":"https:\/\/ametal.com.br\/#organization"},"potentialAction":[{"@type":"SearchAction","target":{"@type":"EntryPoint","urlTemplate":"https:\/\/ametal.com.br\/?s={search_term_string}"},"query-input":{"@type":"PropertyValueSpecification","valueRequired":true,"valueName":"search_term_string"}}],"inLanguage":"pt-BR"},{"@type":"Organization","@id":"https:\/\/ametal.com.br\/#organization","name":"Ametal","url":"https:\/\/ametal.com.br\/","logo":{"@type":"ImageObject","inLanguage":"pt-BR","@id":"https:\/\/ametal.com.br\/#\/schema\/logo\/image\/","url":"https:\/\/ametal.com.br\/wp-content\/uploads\/2023\/02\/cropped-Logo_2_.png","contentUrl":"https:\/\/ametal.com.br\/wp-content\/uploads\/2023\/02\/cropped-Logo_2_.png","width":1080,"height":540,"caption":"Ametal"},"image":{"@id":"https:\/\/ametal.com.br\/#\/schema\/logo\/image\/"},"sameAs":["https:\/\/www.facebook.com\/people\/Ametal-Metalrgica\/100063471844044\/","https:\/\/www.instagram.com\/ametal_metalurgica\/?hl=pt-br","https:\/\/www.linkedin.com\/company\/ametalmetalurgicaoficial\/"]}]}},"_links":{"self":[{"href":"https:\/\/ametal.com.br\/index.php\/wp-json\/wp\/v2\/pages\/1134","targetHints":{"allow":["GET"]}}],"collection":[{"href":"https:\/\/ametal.com.br\/index.php\/wp-json\/wp\/v2\/pages"}],"about":[{"href":"https:\/\/ametal.com.br\/index.php\/wp-json\/wp\/v2\/types\/page"}],"author":[{"embeddable":true,"href":"https:\/\/ametal.com.br\/index.php\/wp-json\/wp\/v2\/users\/1"}],"replies":[{"embeddable":true,"href":"https:\/\/ametal.com.br\/index.php\/wp-json\/wp\/v2\/comments?post=1134"}],"version-history":[{"count":70,"href":"https:\/\/ametal.com.br\/index.php\/wp-json\/wp\/v2\/pages\/1134\/revisions"}],"predecessor-version":[{"id":1516,"href":"https:\/\/ametal.com.br\/index.php\/wp-json\/wp\/v2\/pages\/1134\/revisions\/1516"}],"wp:attachment":[{"href":"https:\/\/ametal.com.br\/index.php\/wp-json\/wp\/v2\/media?parent=1134"}],"curies":[{"name":"wp","href":"https:\/\/api.w.org\/{rel}","templated":true}]}}